{"id":915,"date":"2024-08-20T08:15:24","date_gmt":"2024-08-20T07:15:24","guid":{"rendered":"https:\/\/asesoriapellicer.es\/noticies\/"},"modified":"2024-09-04T09:08:54","modified_gmt":"2024-09-04T08:08:54","slug":"noticies","status":"publish","type":"page","link":"https:\/\/asesoriapellicer.es\/ca\/noticies\/","title":{"rendered":"Not\u00edcies"},"content":{"rendered":"<div class=\"wpb-content-wrapper\"><p>[vc_row][vc_column][vc_custom_heading text=&#8221;Assessoria Pellicer, Not\u00edcies&#8221; font_container=&#8221;tag:h1|text_align:left&#8221; use_theme_fonts=&#8221;yes&#8221; css=&#8221;&#8221; el_class=&#8221;d-none&#8221;]<div class=\"porto-block\" data-id=\"931\"><style>.wpb_custom_683d7e68080059f1fb03f7280196f2d3 .owl-item:not(.active){opacity: 0.5}.wpb_custom_683d7e68080059f1fb03f7280196f2d3{--porto-el-spacing: 0px;}.wpb_custom_683d7e68080059f1fb03f7280196f2d3 .owl-stage{display: flex;align-items: \/;flex-wrap: wrap;}.wpb_custom_683d7e68080059f1fb03f7280196f2d3 .owl-nav:not(.disabled){display: block !important;}.wpb_custom_720d670ce136a6448fdc0a9bfc4ab2a5.porto-u-heading .porto-u-main-heading > *{font-size:20px;}.wpb_custom_720d670ce136a6448fdc0a9bfc4ab2a5 .porto-u-sub-heading{font-size:80px;}.wpb_custom_720d670ce136a6448fdc0a9bfc4ab2a5.porto-u-heading .porto-u-main-heading > *{font-family:Oswald;font-weight:500;letter-spacing:3px;line-height:1.5em;text-transform:uppercase;}.wpb_custom_720d670ce136a6448fdc0a9bfc4ab2a5 .porto-u-sub-heading{font-family:Lobster;font-weight:700;line-height:1.5em;}<\/style>[vc_section full_width=\"stretch_row\" bottom_divider_type=\"slant\" bottom_divider_flip=\"true\" bottom_divider_invert=\"true\" bottom_divider_color=\"var(--porto-light-color)\" conditional_render=\"%5B%7B%22value_role%22%3A%22administrator%22%7D%5D\"][vc_row full_width=\"stretch_row_content\" no_padding=\"yes\" el_class=\"mlh_slider overflow-hidden intro-section\" conditional_render=\"%5B%7B%22value_role%22%3A%22administrator%22%7D%5D\" el_id=\"slider-not\u00edcies\"][vc_column][vc_row_inner el_class=\"intro-banner\"][vc_column_inner el_class=\"h-100\"]<div class=\"porto-carousel owl-carousel has-ccols ccols-xl-1 ccols-lg-1 ccols-md-1 ccols-sm-1 ccols-1 custom-nav-style mb-0 h-100 wpb_custom_683d7e68080059f1fb03f7280196f2d3 nav-bottom\" data-plugin-options=\"{&quot;themeConfig&quot;:true,&quot;stagePadding&quot;:0,&quot;margin&quot;:0,&quot;autoplay&quot;:&quot;yes&quot;,&quot;mouseDrag&quot;:false,&quot;touchDrag&quot;:false,&quot;autoplayTimeout&quot;:6000,&quot;autoplayHoverPause&quot;:false,&quot;items&quot;:1,&quot;xl&quot;:1,&quot;lg&quot;:1,&quot;md&quot;:1,&quot;sm&quot;:1,&quot;xs&quot;:1,&quot;nav&quot;:&quot;yes&quot;,&quot;dots&quot;:false,&quot;animateIn&quot;:&quot;fadeIn&quot;,&quot;animateOut&quot;:&quot;fadeOut&quot;,&quot;loop&quot;:false,&quot;center&quot;:false,&quot;video&quot;:false,&quot;lazyLoad&quot;:false,&quot;fullscreen&quot;:false}\"><div class=\"porto-ibanner interactive-banner-wrap-07dd21040fa50768c9d370ae74e47015 mb-0 slide-1 mlh_slider_opacity mlh_slider_noticias\" style=\"background:#f2f2f2;\"><div class=\"banner-effect-wrapper\"><div class=\"banner-effect kenBurnsToRight\" style=\"background-image: url(https:\/\/asesoriapellicer.es\/wp-content\/uploads\/2024\/08\/noticias.jpg); background-size: cover;background-position: center;animation-duration: 20s;\"><\/div><\/div><img loading=\"lazy\" decoding=\"async\" alt=\"Asesoriapellicer S.L.\" width=\"1920\" height=\"1271\" class=\"porto-ibanner-img invisible\" src=\"https:\/\/asesoriapellicer.es\/wp-content\/uploads\/2024\/08\/noticias.jpg\" srcset=\"https:\/\/asesoriapellicer.es\/wp-content\/uploads\/2024\/08\/noticias.jpg 1920w, https:\/\/asesoriapellicer.es\/wp-content\/uploads\/2024\/08\/noticias-1024x678.jpg 1024w, https:\/\/asesoriapellicer.es\/wp-content\/uploads\/2024\/08\/noticias-768x508.jpg 768w, https:\/\/asesoriapellicer.es\/wp-content\/uploads\/2024\/08\/noticias-1536x1017.jpg 1536w, https:\/\/asesoriapellicer.es\/wp-content\/uploads\/2024\/08\/noticias-640x424.jpg 640w, https:\/\/asesoriapellicer.es\/wp-content\/uploads\/2024\/08\/noticias-400x265.jpg 400w\" sizes=\"auto, (max-width: 1920px) 100vw, 1920px\"><div class=\"porto-ibanner-desc no-padding d-flex\"><div class=\"container\"><div class=\"porto-ibanner-container\"><div class=\"porto-ibanner-layer wpb_custom_2c5109c031829f9c54153ed0e6239ff6 banner-pos-f6356757d4f73384a3f5bc65723ae83a\" style=\"width:50%;\"><div class=\"porto-u-heading  wpb_custom_720d670ce136a6448fdc0a9bfc4ab2a5 porto-u-55ca8359258f9a412be7e73af65d2aac \" data-appear-animation=\"fadeInUp\" data-appear-animation-delay=\"400\"><div class=\"porto-u-main-heading\"><h2   style=\"color:var(--porto-light-color);margin-bottom: 16px;\">BLOG<\/h2><\/div><div class=\"porto-u-sub-heading\" style=\"color: var(--porto-light-color);margin-bottom:8px;\"><\/p>\r\n<p style=\"text-align: center;\">Novetats Pellicer<\/p>\r\n<p><\/div><style>.porto-u-55ca8359258f9a412be7e73af65d2aac.porto-u-heading{text-align:center}<\/style><\/div>[vc_btn title=\"SUBSCRIU-TE\" shape=\"round\" color=\"orange\" align=\"center\" css=\"\" btn_fs=\"16px\" btn_fw=\"700\" btn_ls=\"3px\" el_class=\"mlh_boton_brown\" link=\"url:https%3A%2F%2Fasesoriapellicer.es%2Fca%2Fcontacte%2F%23formulari|title:Contacte\"]<style>.banner-pos-f6356757d4f73384a3f5bc65723ae83a {left: 50%;right: unset;top: 50%;bottom: unset;transform: translate(-50%, -50%);}<\/style><\/div><\/div><\/div><\/div><\/div><\/div>[\/vc_column_inner][\/vc_row_inner][\/vc_column][\/vc_row][\/vc_section]<\/div>[\/vc_column][\/vc_row][vc_section conditional_render=&#8221;%5B%7B%22value_role%22%3A%22administrator%22%7D%5D&#8221; css=&#8221;.vc_custom_1724321054320{margin-top: 50px !important;margin-bottom: 50px !important;}&#8221;][vc_row][vc_column][porto_tb_posts post_type=&#8221;post&#8221; orderby=&#8221;date&#8221; order=&#8221;DESC&#8221; view=&#8221;masonry&#8221; spacing=&#8221;100&#8243; columns=&#8221;3&#8243; columns_tablet=&#8221;2&#8243; columns_mobile=&#8221;1&#8243; pagination_style=&#8221;ajax&#8221; p_margin=&#8221;{&#8220;top&#8220;:{&#8220;xs&#8220;:&#8220;&#8220;,&#8220;sm&#8220;:&#8220;&#8220;,&#8220;md&#8220;:&#8220;&#8220;,&#8220;lg&#8220;:&#8220;&#8220;,&#8220;xl&#8220;:&#8220;&#8220;},&#8220;right&#8220;:{&#8220;xl&#8220;:&#8220;&#8220;,&#8220;xs&#8220;:&#8220;&#8220;,&#8220;sm&#8220;:&#8220;&#8220;,&#8220;md&#8220;:&#8220;&#8220;,&#8220;lg&#8220;:&#8220;&#8220;},&#8220;bottom&#8220;:{&#8220;xs&#8220;:&#8220;&#8220;,&#8220;sm&#8220;:&#8220;&#8220;,&#8220;md&#8220;:&#8220;&#8220;,&#8220;lg&#8220;:&#8220;&#8220;,&#8220;xl&#8220;:&#8220;&#8220;},&#8220;left&#8220;:{&#8220;xs&#8220;:&#8220;&#8220;,&#8220;sm&#8220;:&#8220;&#8220;,&#8220;md&#8220;:&#8220;&#8220;,&#8220;lg&#8220;:&#8220;&#8220;,&#8220;xl&#8220;:&#8220;&#8220;}}&#8221; count=&#8221;6&#8243; builder_id=&#8221;924&#8243;][\/vc_column][\/vc_row][\/vc_section][vc_section full_width=&#8221;stretch_row&#8221; top_divider_type=&#8221;slant&#8221; top_divider_flip=&#8221;true&#8221; el_id=&#8221;subscriu-te&#8221; conditional_render=&#8221;%5B%7B%22value_role%22%3A%22administrator%22%7D%5D&#8221; css=&#8221;.vc_custom_1724932147123{margin-top: 50px !important;margin-bottom: 50px !important;padding-top: 80px !important;padding-bottom: 80px !important;background-image: url(https:\/\/asesoriapellicer.es\/wp-content\/uploads\/2024\/08\/suscribete.jpg?id=592) !important;}&#8221; top_divider_color=&#8221;var(&#8211;porto-light-color)&#8221; el_class=&#8221;mlh_servicios_image&#8221;][vc_row conditional_render=&#8221;%5B%7B%22value_role%22%3A%22administrator%22%7D%5D&#8221; css=&#8221;.vc_custom_1724315142392{padding-top: 80px !important;padding-bottom: 80px !important;}&#8221; el_class=&#8221;mlh_cta_subscribete&#8221;][vc_column width=&#8221;1\/3&#8243;][\/vc_column][vc_column width=&#8221;1\/3&#8243;][vc_custom_heading text=&#8221;Subscriu-te&#8221; font_container=&#8221;tag:h2|font_size:59px|text_align:center|color:var(&#8211;porto-light-color)&#8221; use_theme_fonts=&#8221;yes&#8221; css=&#8221;&#8221; font_family=&#8221;Lobster&#8221; font_weight=&#8221;700&#8243;][vc_column_text css=&#8221;&#8221; text_color=&#8221;var(&#8211;porto-light-color)&#8221; text_typography=&#8221;{&#8220;family&#8220;:&#8220;Lora&#8220;,&#8220;variant&#8220;:&#8220;500&#8220;,&#8220;font_size&#8220;:&#8220;18px&#8220;,&#8220;line_height&#8220;:&#8220;2em&#8220;,&#8220;letter_spacing&#8220;:&#8220;&#8220;,&#8220;text_transform&#8220;:&#8220;&#8220;}&#8221;]<\/p>\n<p style=\"text-align: center;\">La newsletter de l&#8217;Assessoria Pellicer no \u00e9s pas invasiu. Sabem molt b\u00e9 que a les activitats professionals no hi ha temps per perdre, per aix\u00f2 nom\u00e9s et farem arribar not\u00edcies rellevants pels teus interessos.<\/p>\n<p>[\/vc_column_text][\/vc_column][vc_column width=&#8221;1\/3&#8243;][\/vc_column][\/vc_row][\/vc_section][vc_row css=&#8221;.vc_custom_1724926671772{margin-right: 50px !important;margin-left: 50px !important;}&#8221; conditional_render=&#8221;%5B%7B%22value_role%22%3A%22administrator%22%7D%5D&#8221;][vc_column][vc_custom_heading text=&#8221;Coneix el nostre equip!&#8221; font_container=&#8221;tag:h3|font_size:40px|text_align:center|color:var(&#8211;porto-light-color)|line_height:1.5em&#8221; use_theme_fonts=&#8221;yes&#8221; css=&#8221;.vc_custom_1724925845908{margin-top: 0px !important;margin-bottom: 0px !important;}&#8221; font_family=&#8221;Lobster&#8221; font_weight=&#8221;600&#8243; letter_spacing=&#8221;1px&#8221; link=&#8221;url:https%3A%2F%2Fasesoriapellicer.es%2Fca%2Fequip%2F|title:Equip|&#8221; el_class=&#8221;mlh_cta_equipo&#8221;][\/vc_column][\/vc_row]<\/p>\n<\/div>","protected":false},"excerpt":{"rendered":"<p>[vc_row][vc_column][vc_custom_heading text=&#8221;Assessoria Pellicer, Not\u00edcies&#8221; font_container=&#8221;tag:h1|text_align:left&#8221; use_theme_fonts=&#8221;yes&#8221; css=&#8221;&#8221; el_class=&#8221;d-none&#8221;][\/vc_column][\/vc_row][vc_section conditional_render=&#8221;%5B%7B%22value_role%22%3A%22administrator%22%7D%5D&#8221; css=&#8221;.vc_custom_1724321054320{margin-top: 50px !important;margin-bottom: 50px !important;}&#8221;][vc_row][vc_column][porto_tb_posts post_type=&#8221;post&#8221; orderby=&#8221;date&#8221; order=&#8221;DESC&#8221; view=&#8221;masonry&#8221; spacing=&#8221;100&#8243; columns=&#8221;3&#8243; columns_tablet=&#8221;2&#8243; columns_mobile=&#8221;1&#8243; pagination_style=&#8221;ajax&#8221; p_margin=&#8221;{&#8220;top&#8220;:{&#8220;xs&#8220;:&#8220;&#8220;,&#8220;sm&#8220;:&#8220;&#8220;,&#8220;md&#8220;:&#8220;&#8220;,&#8220;lg&#8220;:&#8220;&#8220;,&#8220;xl&#8220;:&#8220;&#8220;},&#8220;right&#8220;:{&#8220;xl&#8220;:&#8220;&#8220;,&#8220;xs&#8220;:&#8220;&#8220;,&#8220;sm&#8220;:&#8220;&#8220;,&#8220;md&#8220;:&#8220;&#8220;,&#8220;lg&#8220;:&#8220;&#8220;},&#8220;bottom&#8220;:{&#8220;xs&#8220;:&#8220;&#8220;,&#8220;sm&#8220;:&#8220;&#8220;,&#8220;md&#8220;:&#8220;&#8220;,&#8220;lg&#8220;:&#8220;&#8220;,&#8220;xl&#8220;:&#8220;&#8220;},&#8220;left&#8220;:{&#8220;xs&#8220;:&#8220;&#8220;,&#8220;sm&#8220;:&#8220;&#8220;,&#8220;md&#8220;:&#8220;&#8220;,&#8220;lg&#8220;:&#8220;&#8220;,&#8220;xl&#8220;:&#8220;&#8220;}}&#8221; count=&#8221;6&#8243; builder_id=&#8221;924&#8243;][\/vc_column][\/vc_row][\/vc_section][vc_section full_width=&#8221;stretch_row&#8221; top_divider_type=&#8221;slant&#8221; top_divider_flip=&#8221;true&#8221; el_id=&#8221;subscriu-te&#8221; conditional_render=&#8221;%5B%7B%22value_role%22%3A%22administrator%22%7D%5D&#8221; css=&#8221;.vc_custom_1724932147123{margin-top: 50px !important;margin-bottom: 50px !important;padding-top: 80px !important;padding-bottom: 80px !important;background-image: url(https:\/\/asesoriapellicer.es\/wp-content\/uploads\/2024\/08\/suscribete.jpg?id=592) !important;}&#8221; top_divider_color=&#8221;var(&#8211;porto-light-color)&#8221; el_class=&#8221;mlh_servicios_image&#8221;][vc_row conditional_render=&#8221;%5B%7B%22value_role%22%3A%22administrator%22%7D%5D&#8221; css=&#8221;.vc_custom_1724315142392{padding-top: 80px !important;padding-bottom: 80px !important;}&#8221; el_class=&#8221;mlh_cta_subscribete&#8221;][vc_column width=&#8221;1\/3&#8243;][\/vc_column][vc_column width=&#8221;1\/3&#8243;][vc_custom_heading text=&#8221;Subscriu-te&#8221; font_container=&#8221;tag:h2|font_size:59px|text_align:center|color:var(&#8211;porto-light-color)&#8221; [&hellip;]<\/p>\n","protected":false},"author":4,"featured_media":0,"parent":0,"menu_order":0,"comment_status":"closed","ping_status":"closed","template":"","meta":{"_seopress_robots_primary_cat":"","_seopress_titles_title":"","_seopress_titles_desc":"Descobreix les \u00faltimes not\u00edcies i articles al bloc de Pellicer: assessoria empresarial, jur\u00eddica, laboral, fiscal i comptable.","_seopress_robots_index":"","footnotes":""},"class_list":["post-915","page","type-page","status-publish","hentry"],"_links":{"self":[{"href":"https:\/\/asesoriapellicer.es\/ca\/wp-json\/wp\/v2\/pages\/915","targetHints":{"allow":["GET"]}}],"collection":[{"href":"https:\/\/asesoriapellicer.es\/ca\/wp-json\/wp\/v2\/pages"}],"about":[{"href":"https:\/\/asesoriapellicer.es\/ca\/wp-json\/wp\/v2\/types\/page"}],"author":[{"embeddable":true,"href":"https:\/\/asesoriapellicer.es\/ca\/wp-json\/wp\/v2\/users\/4"}],"replies":[{"embeddable":true,"href":"https:\/\/asesoriapellicer.es\/ca\/wp-json\/wp\/v2\/comments?post=915"}],"version-history":[{"count":2,"href":"https:\/\/asesoriapellicer.es\/ca\/wp-json\/wp\/v2\/pages\/915\/revisions"}],"predecessor-version":[{"id":926,"href":"https:\/\/asesoriapellicer.es\/ca\/wp-json\/wp\/v2\/pages\/915\/revisions\/926"}],"wp:attachment":[{"href":"https:\/\/asesoriapellicer.es\/ca\/wp-json\/wp\/v2\/media?parent=915"}],"curies":[{"name":"wp","href":"https:\/\/api.w.org\/{rel}","templated":true}]}}