{"id":895,"date":"2022-05-02T14:23:29","date_gmt":"2022-05-02T13:23:29","guid":{"rendered":"https:\/\/asesoriapellicer.es\/inici\/"},"modified":"2024-09-16T10:14:05","modified_gmt":"2024-09-16T09:14:05","slug":"inici","status":"publish","type":"page","link":"https:\/\/asesoriapellicer.es\/ca\/","title":{"rendered":"Inici"},"content":{"rendered":"<div class=\"wpb-content-wrapper\"><p>[vc_row][vc_column][vc_custom_heading text=&#8221;Assessoria Pellicer, Des de 1932&#8243; font_container=&#8221;tag:h1|text_align:left&#8221; use_theme_fonts=&#8221;yes&#8221; css=&#8221;&#8221; el_class=&#8221;d-none&#8221;]<div class=\"porto-block\" data-id=\"934\"><style>.vc_custom_1724668140535{border-radius: 25px !important;border-color: var(--porto-dark-color) !important;}.wpb_custom_683d7e68080059f1fb03f7280196f2d3 .owl-item:not(.active){opacity: 0.5}.wpb_custom_683d7e68080059f1fb03f7280196f2d3{--porto-el-spacing: 0px;}.wpb_custom_683d7e68080059f1fb03f7280196f2d3 .owl-stage{display: flex;align-items: \/;flex-wrap: wrap;}.wpb_custom_683d7e68080059f1fb03f7280196f2d3 .owl-nav:not(.disabled){display: block !important;}.wpb_custom_ad23582139ab3585f68d7c88279c8940.porto-u-heading .porto-u-main-heading > *{font-size:30px;}.wpb_custom_ad23582139ab3585f68d7c88279c8940 .porto-u-sub-heading{font-size:80px;}.wpb_custom_ad23582139ab3585f68d7c88279c8940.porto-u-heading .porto-u-main-heading > *{font-family:Oswald;font-weight:600;letter-spacing:0.1em;line-height:1.5em;text-transform:uppercase;}.wpb_custom_ad23582139ab3585f68d7c88279c8940 .porto-u-sub-heading{font-family:Lobster;font-weight:500;line-height:1.5em;}<\/style>[vc_section full_width=\"stretch_row\" bottom_divider_type=\"slant\" bottom_divider_flip=\"true\" bottom_divider_invert=\"true\" bottom_divider_color=\"var(--porto-light-color)\" conditional_render=\"%5B%7B%22value_role%22%3A%22administrator%22%7D%5D\"][vc_row full_width=\"stretch_row_content\" no_padding=\"yes\" el_class=\"mlh_slider overflow-hidden intro-section\" conditional_render=\"%5B%7B%22value_role%22%3A%22administrator%22%7D%5D\" el_id=\"slider\"][vc_column][vc_row_inner el_class=\"intro-banner\"][vc_column_inner el_class=\"h-100\"]<div class=\"porto-carousel owl-carousel has-ccols ccols-xl-1 ccols-lg-1 ccols-md-1 ccols-sm-1 ccols-1 custom-nav-style mb-0 h-100 wpb_custom_683d7e68080059f1fb03f7280196f2d3 nav-bottom\" data-plugin-options=\"{&quot;themeConfig&quot;:true,&quot;stagePadding&quot;:0,&quot;margin&quot;:0,&quot;autoplay&quot;:&quot;yes&quot;,&quot;mouseDrag&quot;:false,&quot;touchDrag&quot;:false,&quot;autoplayTimeout&quot;:6000,&quot;autoplayHoverPause&quot;:false,&quot;items&quot;:1,&quot;xl&quot;:1,&quot;lg&quot;:1,&quot;md&quot;:1,&quot;sm&quot;:1,&quot;xs&quot;:1,&quot;nav&quot;:&quot;yes&quot;,&quot;dots&quot;:false,&quot;animateIn&quot;:&quot;fadeIn&quot;,&quot;animateOut&quot;:&quot;fadeOut&quot;,&quot;loop&quot;:false,&quot;center&quot;:false,&quot;video&quot;:false,&quot;lazyLoad&quot;:false,&quot;fullscreen&quot;:false}\"><div class=\"porto-ibanner interactive-banner-wrap-07dd21040fa50768c9d370ae74e47015 mb-0 slide-1 mlh_slider_opacity\" style=\"background:#f2f2f2;\"><div class=\"banner-effect-wrapper\"><div class=\"banner-effect kenBurnsToRight\" style=\"background-image: url(https:\/\/asesoriapellicer.es\/wp-content\/uploads\/2023\/04\/Slider_inicio.jpg); background-size: cover;background-position: center;animation-duration: 20s;\"><\/div><\/div><img loading=\"lazy\" decoding=\"async\" alt=\"Slider_inicio\" width=\"1920\" height=\"1071\" class=\"porto-ibanner-img invisible\" src=\"https:\/\/asesoriapellicer.es\/wp-content\/uploads\/2023\/04\/Slider_inicio.jpg\" srcset=\"https:\/\/asesoriapellicer.es\/wp-content\/uploads\/2023\/04\/Slider_inicio.jpg 1920w, https:\/\/asesoriapellicer.es\/wp-content\/uploads\/2023\/04\/Slider_inicio-1024x571.jpg 1024w, https:\/\/asesoriapellicer.es\/wp-content\/uploads\/2023\/04\/Slider_inicio-768x428.jpg 768w, https:\/\/asesoriapellicer.es\/wp-content\/uploads\/2023\/04\/Slider_inicio-1536x857.jpg 1536w, https:\/\/asesoriapellicer.es\/wp-content\/uploads\/2023\/04\/Slider_inicio-640x357.jpg 640w, https:\/\/asesoriapellicer.es\/wp-content\/uploads\/2023\/04\/Slider_inicio-400x223.jpg 400w\" sizes=\"auto, (max-width: 1920px) 100vw, 1920px\"><div class=\"porto-ibanner-desc no-padding d-flex\"><div class=\"container\"><div class=\"porto-ibanner-container\"><div class=\"porto-ibanner-layer mlh_slider_opacity mlh_slider_inicio wpb_custom_2c5109c031829f9c54153ed0e6239ff6 banner-pos-bfcbae4c8532bb0d44173291ffced35b\" style=\"width:50%;\"><div class=\"porto-u-heading  wpb_custom_ad23582139ab3585f68d7c88279c8940 porto-u-ad87e2eaf3f9c495180fe0156ddf3eb0 \" data-appear-animation=\"fadeInUp\" data-appear-animation-delay=\"400\"><div class=\"porto-u-main-heading\"><h2   style=\"color:var(--porto-light-color);margin-bottom: 16px;\">Assessoria d&#039;empreses, jur\u00eddica, laboral, fiscal i comptable<\/h2><\/div><div class=\"porto-u-sub-heading\" style=\"color: var(--porto-light-color);margin-bottom:8px;\">Desde 1932<\/div><style>.porto-u-ad87e2eaf3f9c495180fe0156ddf3eb0.porto-u-heading{text-align:left}<\/style><\/div>[vc_btn title=\"QU\u00c8 FEM?\" shape=\"round\" color=\"black\" css=\".vc_custom_1724668140535{border-radius: 25px !important;border-color: var(--porto-dark-color) !important;}\" skin=\"dark\" btn_fs=\"16px\" btn_fw=\"500\" btn_ls=\"3px\" el_class=\"mlh_boton_black\" btn_px=\"20px\" btn_py=\"10px\" link=\"url:https%3A%2F%2Fasesoriapellicer.es%2Fca%2Fserveis%2F|title:Serveis|\"][vc_btn title=\"CONTACTE\" shape=\"round\" color=\"orange\" css=\"\" btn_fs=\"16px\" btn_fw=\"500\" btn_ls=\"3px\" el_class=\"mlh_boton_brown\" link=\"url:https%3A%2F%2Fasesoriapellicer.es%2Fca%2Fcontacte%2F|title:Contacte|\"]<style>.banner-pos-bfcbae4c8532bb0d44173291ffced35b {left:5%;right: unset;top: 50%;bottom: unset;transform: translateY(-50%);}<\/style><\/div><\/div><\/div><\/div><\/div><\/div>[\/vc_column_inner][\/vc_row_inner][\/vc_column][\/vc_row][\/vc_section]<\/div>[\/vc_column][\/vc_row][vc_section el_id=&#8221;hist\u00f2ria&#8221; conditional_render=&#8221;%5B%7B%22value_role%22%3A%22administrator%22%7D%5D&#8221; css=&#8221;.vc_custom_1724068785500{margin-top: 50px !important;margin-bottom: 50px !important;}&#8221;][vc_row conditional_render=&#8221;%5B%7B%22value_role%22%3A%22administrator%22%7D%5D&#8221;][vc_column width=&#8221;1\/5&#8243;][\/vc_column][vc_column width=&#8221;3\/5&#8243;][vc_custom_heading text=&#8221;LA NOSTRA HIST\u00d2RIA&#8221; font_container=&#8221;tag:h2|font_size:20px|text_align:center|color:var(&#8211;porto-secondary-color)&#8221; use_theme_fonts=&#8221;yes&#8221; css=&#8221;.vc_custom_1724066240191{margin-bottom: 0px !important;}&#8221; text_transform=&#8221;text-uppercase&#8221; letter_spacing=&#8221;3px&#8221;][vc_custom_heading text=&#8221;Vols saber una mica m\u00e9s sobre nosaltres?&#8221; font_container=&#8221;tag:h3|text_align:center|color:%23303030|line_height:1.3em&#8221; use_theme_fonts=&#8221;yes&#8221; css=&#8221;.vc_custom_1724922486056{margin-right: 45px !important;margin-left: 45px !important;}&#8221; font_weight=&#8221;600&#8243; letter_spacing=&#8221;0&#8243;][vc_empty_space height=&#8221;30px&#8221;][vc_column_text css=&#8221;&#8221; text_color=&#8221;#666666&#8243; text_typography=&#8221;{&#8220;family&#8220;:&#8220;Lora&#8220;,&#8220;variant&#8220;:&#8220;Default&#8220;,&#8220;font_size&#8220;:&#8220;18px&#8220;,&#8220;line_height&#8220;:&#8220;2em&#8220;,&#8220;letter_spacing&#8220;:&#8220;&#8220;,&#8220;text_transform&#8220;:&#8220;&#8220;}&#8221;]<\/p>\n<p style=\"text-align: center;\"><span style=\"font-size: 18px;\">La nostra empresa va ser creada l&#8217;any 1932 pel Sr. Emili Pellicer Salutes a Santa Coloma de Gramenet, on s&#8217;ha dut a terme l&#8217;activitat.<\/span><br \/>\n<span style=\"font-size: 18px;\">Som la quarta generaci\u00f3 de professionals que ininterrompudament han donat servei d&#8217;assessorament i gesti\u00f3 d&#8217;empreses a l&#8217;\u00e0mbit de la nostra \u00e0rea geogr\u00e0fica.<\/span><br \/>\n<span style=\"font-size: 18px;\">Tenim un prestigi guanyat amb discreci\u00f3, serietat i honradesa, que d\u00f3na un servei de qualitat i sobretot utilitat.<\/span><\/p>\n<p>[\/vc_column_text][vc_empty_space height=&#8221;20px&#8221;][vc_btn title=&#8221;SERVEIS&#8221; shape=&#8221;round&#8221; color=&#8221;black&#8221; align=&#8221;center&#8221; css=&#8221;&#8221; btn_fs=&#8221;16px&#8221; btn_fw=&#8221;500&#8243; btn_ls=&#8221;3px&#8221; link=&#8221;url:https%3A%2F%2Fasesoriapellicer.es%2Fca%2Fserveis%2F|title:Serveis|&#8221; el_class=&#8221;mlh_boton_black&#8221;][\/vc_column][vc_column width=&#8221;1\/5&#8243;][\/vc_column][\/vc_row][\/vc_section][vc_section full_width=&#8221;stretch_row&#8221; el_id=&#8221;missi\u00f3&#8221; conditional_render=&#8221;%5B%7B%22value_role%22%3A%22administrator%22%7D%5D&#8221; el_class=&#8221;mlh_fondo_seccion&#8221; css=&#8221;.vc_custom_1724068662135{padding-top: 60px !important;padding-bottom: 60px !important;}&#8221;][vc_row css=&#8221;.vc_custom_1724068492812{padding-top: 100px !important;padding-right: 40px !important;padding-bottom: 100px !important;padding-left: 40px !important;}&#8221; conditional_render=&#8221;%5B%7B%22value_role%22%3A%22administrator%22%7D%5D&#8221; el_class=&#8221;mlh_mision_container&#8221;][vc_column width=&#8221;1\/6&#8243;][\/vc_column][vc_column width=&#8221;2\/3&#8243;][vc_custom_heading text=&#8221;El que ens mou&#8221; font_container=&#8221;tag:h2|font_size:20px|text_align:center|color:%23e3c5a4|line_height:1.7em&#8221; use_theme_fonts=&#8221;yes&#8221; css=&#8221;.vc_custom_1724922714737{margin-bottom: 0px !important;}&#8221; font_family=&#8221;Actor&#8221; text_transform=&#8221;text-uppercase&#8221; font_weight=&#8221;400&#8243; letter_spacing=&#8221;3px&#8221;][vc_custom_heading text=&#8221;La nostra Missi\u00f3&#8221; font_container=&#8221;tag:h3|font_size:50px|text_align:center|color:var(&#8211;porto-light-color)|line_height:1.5em&#8221; use_theme_fonts=&#8221;yes&#8221; css=&#8221;&#8221; font_family=&#8221;Lobster&#8221; text_transform=&#8221;text-capitalize&#8221; font_weight=&#8221;600&#8243; letter_spacing=&#8221;1px&#8221;][vc_column_text css=&#8221;&#8221; text_color=&#8221;var(&#8211;porto-light-color)&#8221; text_typography=&#8221;{&#8220;family&#8220;:&#8220;Lora&#8220;,&#8220;variant&#8220;:&#8220;Default&#8220;,&#8220;font_size&#8220;:&#8220;18px&#8220;,&#8220;line_height&#8220;:&#8220;2em&#8220;,&#8220;letter_spacing&#8220;:&#8220;&#8220;,&#8220;text_transform&#8220;:&#8220;&#8220;}&#8221;]<\/p>\n<p style=\"text-align: center;\">Ens comprometem a ajudar-lo a cr\u00e9ixer, ja sigui com a aut\u00f2noms o com a empresa oferint una atenci\u00f3 personalitzada. Sempre intentem donar una resposta r\u00e0pida i eficient a les dificultats que ens podem trobar al dia a dia.<\/p>\n<p>[\/vc_column_text][\/vc_column][vc_column width=&#8221;1\/6&#8243;][\/vc_column][\/vc_row][\/vc_section][vc_section full_width=&#8221;stretch_row&#8221; bottom_divider_type=&#8221;slant&#8221; bottom_divider_invert=&#8221;true&#8221; el_id=&#8221;serveis&#8221; conditional_render=&#8221;%5B%7B%22value_role%22%3A%22administrator%22%7D%5D&#8221; css=&#8221;.vc_custom_1726478030987{padding-top: 0px !important;padding-bottom: 0px !important;background-image: url(https:\/\/asesoriapellicer.es\/wp-content\/uploads\/2024\/09\/FondoServicios.jpg?id=1025) !important;}&#8221; bottom_divider_color=&#8221;var(&#8211;porto-light-color)&#8221; bottom_divider_height=&#8221;15%&#8221;][vc_row css=&#8221;.vc_custom_1724144712000{margin-top: 0px !important;margin-bottom: 0px !important;}&#8221; conditional_render=&#8221;%5B%7B%22value_role%22%3A%22administrator%22%7D%5D&#8221;][vc_column width=&#8221;1\/3&#8243; css=&#8221;.vc_custom_1724071230788{padding-top: 40px !important;padding-right: 40px !important;padding-bottom: 40px !important;padding-left: 40px !important;}&#8221; conditional_render=&#8221;%5B%7B%22value_role%22%3A%22administrator%22%7D%5D&#8221; el_class=&#8221;mlh_lista_container&#8221;][vc_custom_heading text=&#8221;Els nostres serveis&#8221; font_container=&#8221;tag:h2|font_size:20px|text_align:left|color:var(&#8211;porto-dark-color)|line_height:1.4em&#8221; use_theme_fonts=&#8221;yes&#8221; css=&#8221;&#8221; font_family=&#8221;Lobster&#8221; letter_spacing=&#8221;2px&#8221;]<a aria-label=\"Fiscals i comptables\" class=\"porto-sicon-box-link\" href=\"https:\/\/asesoriapellicer.es\/servicios\/#fiscal-contable\"><div class=\"porto-sicon-box  vc_custom_1724923759942 mlh_lista_servicios  wpb_custom_7f8490a7eb808068e32e98888812cf47 style_1 left-icon\"><div class=\"porto-sicon-left\"><div class=\"porto-just-icon-wrapper porto-icon none\" style=\"color:var(--porto-dark-color);font-size:22px;\"><i class=\"fas fa-check-circle\"><\/i><\/div><\/div><div class=\"porto-sicon-body\"><div class=\"porto-sicon-header\" style=\"margin-bottom:0px;\"><h3 class=\"porto-sicon-title\" style=\"margin-top:0px;margin-bottom:0px;\">Fiscals i comptables<\/h3><\/div> <!-- header --><\/div><\/div><!-- porto-sicon-box --><\/a><a aria-label=\"Laborals\" class=\"porto-sicon-box-link\" href=\"https:\/\/asesoriapellicer.es\/servicios\/#laboral\"><div class=\"porto-sicon-box  vc_custom_1724923827003 mlh_lista_servicios  wpb_custom_7f8490a7eb808068e32e98888812cf47 style_1 left-icon\"><div class=\"porto-sicon-left\"><div class=\"porto-just-icon-wrapper porto-icon none\" style=\"color:var(--porto-dark-color);font-size:22px;\"><i class=\"fas fa-check-circle\"><\/i><\/div><\/div><div class=\"porto-sicon-body\"><div class=\"porto-sicon-header\" style=\"margin-bottom:0px;\"><h3 class=\"porto-sicon-title\" style=\"margin-top:0px;margin-bottom:0px;\">Laborals<\/h3><\/div> <!-- header --><\/div><\/div><!-- porto-sicon-box --><\/a><a aria-label=\"Jur\u00eddics\" class=\"porto-sicon-box-link\" href=\"https:\/\/asesoriapellicer.es\/servicios\/#juridico\"><div class=\"porto-sicon-box  vc_custom_1724923821282 mlh_lista_servicios  wpb_custom_7f8490a7eb808068e32e98888812cf47 style_1 left-icon\"><div class=\"porto-sicon-left\"><div class=\"porto-just-icon-wrapper porto-icon none\" style=\"color:var(--porto-dark-color);font-size:22px;\"><i class=\"fas fa-check-circle\"><\/i><\/div><\/div><div class=\"porto-sicon-body\"><div class=\"porto-sicon-header\" style=\"margin-bottom:0px;\"><h3 class=\"porto-sicon-title\" style=\"margin-top:0px;margin-bottom:0px;\">Jur\u00eddics<\/h3><\/div> <!-- header --><\/div><\/div><!-- porto-sicon-box --><\/a><a aria-label=\"Vehicles - Tr\u00e0nsit\" class=\"porto-sicon-box-link\" href=\"https:\/\/asesoriapellicer.es\/servicios\/#trafico\"><div class=\"porto-sicon-box  vc_custom_1724923815671 mlh_lista_servicios  wpb_custom_7f8490a7eb808068e32e98888812cf47 style_1 left-icon\"><div class=\"porto-sicon-left\"><div class=\"porto-just-icon-wrapper porto-icon none\" style=\"color:var(--porto-dark-color);font-size:22px;\"><i class=\"fas fa-check-circle\"><\/i><\/div><\/div><div class=\"porto-sicon-body\"><div class=\"porto-sicon-header\" style=\"margin-bottom:0px;\"><h3 class=\"porto-sicon-title\" style=\"margin-top:0px;margin-bottom:0px;\">Vehicles - Tr\u00e0nsit<\/h3><\/div> <!-- header --><\/div><\/div><!-- porto-sicon-box --><\/a><a aria-label=\"Administraci\u00f3 de finques\" class=\"porto-sicon-box-link\" href=\"https:\/\/asesoriapellicer.es\/servicios\/#fincas\"><div class=\"porto-sicon-box  vc_custom_1724923810056 mlh_lista_servicios  wpb_custom_7f8490a7eb808068e32e98888812cf47 style_1 left-icon\"><div class=\"porto-sicon-left\"><div class=\"porto-just-icon-wrapper porto-icon none\" style=\"color:var(--porto-dark-color);font-size:22px;\"><i class=\"fas fa-check-circle\"><\/i><\/div><\/div><div class=\"porto-sicon-body\"><div class=\"porto-sicon-header\" style=\"margin-bottom:0px;\"><h3 class=\"porto-sicon-title\" style=\"margin-top:0px;margin-bottom:0px;\">Administraci\u00f3 de finques<\/h3><\/div> <!-- header --><\/div><\/div><!-- porto-sicon-box --><\/a><a aria-label=\"Altres serveis\" class=\"porto-sicon-box-link\" href=\"https:\/\/asesoriapellicer.es\/servicios\/#otros\"><div class=\"porto-sicon-box  vc_custom_1724923804873 mlh_lista_servicios  wpb_custom_7f8490a7eb808068e32e98888812cf47 style_1 left-icon\"><div class=\"porto-sicon-left\"><div class=\"porto-just-icon-wrapper porto-icon none\" style=\"color:var(--porto-dark-color);font-size:22px;\"><i class=\"fas fa-check-circle\"><\/i><\/div><\/div><div class=\"porto-sicon-body\"><div class=\"porto-sicon-header\" style=\"margin-bottom:0px;\"><h3 class=\"porto-sicon-title\" style=\"margin-top:0px;margin-bottom:0px;\">Altres serveis<\/h3><\/div> <!-- header --><\/div><\/div><!-- porto-sicon-box --><\/a>[\/vc_column][vc_column width=&#8221;1\/3&#8243;][\/vc_column][vc_column width=&#8221;1\/3&#8243;][\/vc_column][\/vc_row][\/vc_section][vc_section el_id=&#8221;clients&#8221; css=&#8221;.vc_custom_1724927433736{margin-top: 50px !important;margin-bottom: 70px !important;}&#8221; conditional_render=&#8221;%5B%7B%22value_role%22%3A%22administrator%22%7D%5D&#8221;][vc_row gap=&#8221;35&#8243; conditional_render=&#8221;%5B%7B%22value_role%22%3A%22administrator%22%7D%5D&#8221;][vc_column conditional_render=&#8221;%5B%7B%22value_role%22%3A%22administrator%22%7D%5D&#8221;][vc_custom_heading text=&#8221;Clients&#8221; font_container=&#8221;tag:h2|font_size:20px|text_align:center|color:%23afafaf|line_height:1.7em&#8221; use_theme_fonts=&#8221;yes&#8221; css=&#8221;&#8221; font_family=&#8221;Actor&#8221; text_transform=&#8221;text-uppercase&#8221; font_weight=&#8221;400&#8243; letter_spacing=&#8221;3px&#8221;][vc_custom_heading text=&#8221;Parlen de nosaltres&#8221; font_container=&#8221;tag:h3|font_size:50px|text_align:center|color:var(&#8211;porto-dark-color)|line_height:1.5em&#8221; use_theme_fonts=&#8221;yes&#8221; css=&#8221;&#8221; font_family=&#8221;Lobster&#8221; text_transform=&#8221;text-capitalize&#8221; font_weight=&#8221;600&#8243; letter_spacing=&#8221;1px&#8221;][\/vc_column][vc_column width=&#8221;1\/2&#8243; conditional_render=&#8221;%5B%7B%22value_role%22%3A%22administrator%22%7D%5D&#8221;][vc_custom_heading text=&#8221;Pedro Lleuger&#8221; font_container=&#8221;tag:h2|font_size:20px|text_align:center|color:%23afafaf|line_height:1.7em&#8221; use_theme_fonts=&#8221;yes&#8221; css=&#8221;&#8221; font_family=&#8221;Actor&#8221; text_transform=&#8221;text-uppercase&#8221; font_weight=&#8221;400&#8243; letter_spacing=&#8221;3px&#8221;][vc_column_text css=&#8221;&#8221; text_typography=&#8221;{&#8220;family&#8220;:&#8220;Lora&#8220;,&#8220;variant&#8220;:&#8220;Default&#8220;,&#8220;font_size&#8220;:&#8220;18px&#8220;,&#8220;line_height&#8220;:&#8220;2em&#8220;,&#8220;letter_spacing&#8220;:&#8220;&#8220;,&#8220;text_transform&#8220;:&#8220;&#8220;}&#8221;]\u00abLa meva primera experi\u00e8ncia com a aut\u00f2nom va comen\u00e7ar fa uns anys i des del principi treballo com a client amb Assessoria Pellicer i he d&#8217;agrair al seu personal el tracte rebut des d&#8217;aleshores, sempre han resolt les meves consultes de manera eficient.<br \/>\nS\u00f3n un equip de professionals amb gran experi\u00e8ncia, resolutius i molt amables.\u00bb[\/vc_column_text][\/vc_column][vc_column width=&#8221;1\/2&#8243; conditional_render=&#8221;%5B%7B%22value_role%22%3A%22administrator%22%7D%5D&#8221;][vc_custom_heading text=&#8221;Marta Turon&#8221; font_container=&#8221;tag:h2|font_size:20px|text_align:center|color:%23afafaf|line_height:1.7em&#8221; use_theme_fonts=&#8221;yes&#8221; css=&#8221;&#8221; font_family=&#8221;Actor&#8221; text_transform=&#8221;text-uppercase&#8221; font_weight=&#8221;400&#8243; letter_spacing=&#8221;3px&#8221;][vc_column_text css=&#8221;&#8221; text_typography=&#8221;{&#8220;family&#8220;:&#8220;Lora&#8220;,&#8220;variant&#8220;:&#8220;Default&#8220;,&#8220;font_size&#8220;:&#8220;18px&#8220;,&#8220;line_height&#8220;:&#8220;2em&#8220;,&#8220;letter_spacing&#8220;:&#8220;&#8220;,&#8220;text_transform&#8220;:&#8220;&#8220;}&#8221;]\u00abTotalment recomanable. S\u00f3c aut\u00f2nom i em porten les gestions des de fa anys i sempre han tingut un tracte amable, atents a les meves consultes i molt professionals en tots els serveis\u00bb.[\/vc_column_text][\/vc_column][\/vc_row][\/vc_section][vc_row css=&#8221;.vc_custom_1724926671772{margin-right: 50px !important;margin-left: 50px !important;}&#8221; conditional_render=&#8221;%5B%7B%22value_role%22%3A%22administrator%22%7D%5D&#8221;][vc_column][vc_custom_heading text=&#8221;Coneix el nostre equip!&#8221; font_container=&#8221;tag:h3|font_size:40px|text_align:center|color:var(&#8211;porto-light-color)|line_height:1.5em&#8221; use_theme_fonts=&#8221;yes&#8221; css=&#8221;.vc_custom_1724925845908{margin-top: 0px !important;margin-bottom: 0px !important;}&#8221; font_family=&#8221;Lobster&#8221; font_weight=&#8221;600&#8243; letter_spacing=&#8221;1px&#8221; link=&#8221;url:https%3A%2F%2Fasesoriapellicer.es%2Fca%2Fequip%2F|title:Equip|&#8221; el_class=&#8221;mlh_cta_equipo&#8221;][\/vc_column][\/vc_row]<\/p>\n<\/div>","protected":false},"excerpt":{"rendered":"<p>[vc_row][vc_column][vc_custom_heading text=&#8221;Assessoria Pellicer, Des de 1932&#8243; font_container=&#8221;tag:h1|text_align:left&#8221; use_theme_fonts=&#8221;yes&#8221; css=&#8221;&#8221; el_class=&#8221;d-none&#8221;][\/vc_column][\/vc_row][vc_section el_id=&#8221;hist\u00f2ria&#8221; conditional_render=&#8221;%5B%7B%22value_role%22%3A%22administrator%22%7D%5D&#8221; css=&#8221;.vc_custom_1724068785500{margin-top: 50px !important;margin-bottom: 50px !important;}&#8221;][vc_row conditional_render=&#8221;%5B%7B%22value_role%22%3A%22administrator%22%7D%5D&#8221;][vc_column width=&#8221;1\/5&#8243;][\/vc_column][vc_column width=&#8221;3\/5&#8243;][vc_custom_heading text=&#8221;LA NOSTRA HIST\u00d2RIA&#8221; font_container=&#8221;tag:h2|font_size:20px|text_align:center|color:var(&#8211;porto-secondary-color)&#8221; use_theme_fonts=&#8221;yes&#8221; css=&#8221;.vc_custom_1724066240191{margin-bottom: 0px !important;}&#8221; text_transform=&#8221;text-uppercase&#8221; letter_spacing=&#8221;3px&#8221;][vc_custom_heading text=&#8221;Vols saber una mica m\u00e9s sobre nosaltres?&#8221; font_container=&#8221;tag:h3|text_align:center|color:%23303030|line_height:1.3em&#8221; use_theme_fonts=&#8221;yes&#8221; css=&#8221;.vc_custom_1724922486056{margin-right: 45px !important;margin-left: 45px !important;}&#8221; font_weight=&#8221;600&#8243; letter_spacing=&#8221;0&#8243;][vc_empty_space height=&#8221;30px&#8221;][vc_column_text css=&#8221;&#8221; text_color=&#8221;#666666&#8243; text_typography=&#8221;{&#8220;family&#8220;:&#8220;Lora&#8220;,&#8220;variant&#8220;:&#8220;Default&#8220;,&#8220;font_size&#8220;:&#8220;18px&#8220;,&#8220;line_height&#8220;:&#8220;2em&#8220;,&#8220;letter_spacing&#8220;:&#8220;&#8220;,&#8220;text_transform&#8220;:&#8220;&#8220;}&#8221;] La nostra empresa va ser [&hellip;]<\/p>\n","protected":false},"author":1,"featured_media":0,"parent":0,"menu_order":0,"comment_status":"closed","ping_status":"closed","template":"","meta":{"_seopress_robots_primary_cat":"","_seopress_titles_title":"%%sitetitle%% %%sep%% %%tagline%%","_seopress_titles_desc":"","_seopress_robots_index":"","footnotes":""},"class_list":["post-895","page","type-page","status-publish","hentry"],"_links":{"self":[{"href":"https:\/\/asesoriapellicer.es\/ca\/wp-json\/wp\/v2\/pages\/895","targetHints":{"allow":["GET"]}}],"collection":[{"href":"https:\/\/asesoriapellicer.es\/ca\/wp-json\/wp\/v2\/pages"}],"about":[{"href":"https:\/\/asesoriapellicer.es\/ca\/wp-json\/wp\/v2\/types\/page"}],"author":[{"embeddable":true,"href":"https:\/\/asesoriapellicer.es\/ca\/wp-json\/wp\/v2\/users\/1"}],"replies":[{"embeddable":true,"href":"https:\/\/asesoriapellicer.es\/ca\/wp-json\/wp\/v2\/comments?post=895"}],"version-history":[{"count":2,"href":"https:\/\/asesoriapellicer.es\/ca\/wp-json\/wp\/v2\/pages\/895\/revisions"}],"predecessor-version":[{"id":1040,"href":"https:\/\/asesoriapellicer.es\/ca\/wp-json\/wp\/v2\/pages\/895\/revisions\/1040"}],"wp:attachment":[{"href":"https:\/\/asesoriapellicer.es\/ca\/wp-json\/wp\/v2\/media?parent=895"}],"curies":[{"name":"wp","href":"https:\/\/api.w.org\/{rel}","templated":true}]}}